{"id":62,"date":"2016-08-07T09:20:04","date_gmt":"2016-08-07T07:20:04","guid":{"rendered":"http:\/\/www.schach-in-kottingbrunn.at\/?page_id=62"},"modified":"2022-12-26T00:14:39","modified_gmt":"2022-12-25T23:14:39","slug":"geschichte","status":"publish","type":"page","link":"https:\/\/www.schach-in-kottingbrunn.at\/?page_id=62","title":{"rendered":"Geschichte"},"content":{"rendered":"<p>Der Arbeit\u00ader-Schachk\u00adlub (<span class=\"caps\">ASK<\/span>) Kot\u00adting\u00adbrunn ent\u00adstand am 17.9.1961. Der erste Obmann war Michael Just.<\/p>\n<p><span style=\"color: #ff0000;\">Wir sam\u00admeln noch weit\u00adere geschichtliche Dat\u00aden \u00fcber den Kot\u00adting\u00adbrun\u00adner Schachvere\u00adin. Die hier ange\u00adf\u00fchrten Infor\u00adma\u00adtio\u00adnen stam\u00admen haupt\u00ads\u00e4ch\u00adlich von Hr. Karl Schwarz sowie Hr. Har\u00adald Paulsen.<\/span><\/p>\n<p>1963&nbsp;\u00fcber\u00adnahm Anton Bad\u00ader die Vere\u00adinsleitung, die er zehn Jahre innehat\u00adte. Es fol\u00adgten Fer\u00addi\u00adnand Wei\u00df und Hr. Jakobi.<\/p>\n<p>Ab 1979 f\u00fchrte Erwin Velek den Vere\u00adin, der damals <span class=\"caps\">ASK<\/span> Kap\u00adsch Kot\u00adting\u00adbrunn hie\u00df. Er bere\u00adicherte den Vere\u00adin, der auch in der&nbsp; <span class=\"caps\">N\u00d6<\/span> Lan\u00addesli\u00adga mit\u00adspielte, 1992 um die Jugend\u00adf\u00f6rderung. Ein\u00ader der Sptzen\u00adspiel\u00ader unseren Vere\u00adins war zu dieser Zeit&nbsp;<span class=\"caps\">\u00d6M<\/span> Spitzenberger.<\/p>\n<p>Von 1994 bis 1999 dominierten die jugendlichen Kot\u00adting\u00adbrun\u00adner Schachspiel\u00ader das&nbsp;Industrieviertel.<\/p>\n<p>1999 \u00fcber\u00adgab Erwin Velek seine Funk\u00adtion Hel\u00admut Stein\u00ader, der den Obmannsposten bis 2021 innehat\u00adte. Auch Hel\u00admut Stein\u00ader ist ein gro\u00dfer F\u00f6rder\u00ader und Betreuer des Jugendschachs.<\/p>\n<p>Am 21.5.1991 schlossen sich der Schachk\u00adlub Pot\u00adten\u00adstein und der <span class=\"caps\">ASK<\/span> Kot\u00adting\u00adbrunn zur Spiel\u00adge\u00admein\u00adschaft Tri\u00adest\u00ading\u00adtal zusam\u00admen. Daher jet\u00adzt ein kurz\u00ader Ein\u00adblick in die Geschichte des Schachk\u00adlubs Pottenstein:<\/p>\n<p style=\"padding-left: 30px;\"><em>Der Schachk\u00adlub Pot\u00adten\u00adstein ent\u00adstand am 1.3.1962 auf Ini\u00adtia\u00adtive von Josef Bogn\u00ader und Franz Wenczel. Schon im Gr\u00fcn\u00addungs\u00adjahr erre\u00adiche die erste Mannschaft den her\u00advor\u00adra\u00adgen\u00adden drit\u00adten Platz in der 1. Klasse S\u00fcd. Im fol\u00adgen\u00adden Jahr wurde Pot\u00adten\u00adsteins erste Mannschaft Meis\u00adter der 1. Klasse S\u00fcd, wodurch die Vere\u00adin in die 2. Liga S\u00fcd auf\u00adsteigen kon\u00adnte \u2014 &nbsp;und dort wieder den Meis\u00adter\u00adti\u00adtel gewann! Damit spielte Pot\u00adten\u00adstein 1965\/66 in der <span class=\"caps\">N\u00d6<\/span>&nbsp;Lan\u00addesli\u00adga. Wegen famil\u00adi\u00e4r\u00ader und beru\u00adflich\u00ader Gr\u00fcnde&nbsp;ver\u00adlor der Vere\u00adin einige starke Spiel\u00ader, kon\u00adnte den Klassen\u00ader\u00adhalt in der Lan\u00addesli\u00adga aber trotz\u00addem sicherstellen.<br>\n1967 \u00fcber\u00adgab Josef Bogn\u00ader aus gesund\u00adheitlichen Gr\u00fcn\u00adden f\u00fcr ein Jahr den Chef\u00adses\u00adsel an Friedrich Thall\u00adhofer. Im Novem\u00adber 1968 wurde eine Jugend\u00adsek\u00adtion gegr\u00fcn\u00addet, die von Josef Bogn\u00ader bis zu seinem Ableben 1969 geleit\u00adet wurde. Sein Nach\u00adfol\u00adger als Obmann wurde Franz Maschek, als Betreuer der Jugend\u00adsek\u00adtion fungierten Johann Reit\u00ader und Anton Bettel.<br>\nIm Jahr 1980 ver\u00adst\u00e4rk\u00adte Bruno Filz\u00admaier, Schachlehrer am Bun\u00addesre\u00adal\u00adgym\u00adna\u00adsi\u00adum (<span class=\"caps\">BRG<\/span>) Bern\u00addorf, den Vere\u00adin, in dem nun auch viele Bern\u00addor\u00adfer Schachsch\u00fcler zum Zug&nbsp;kamen.<br>\nIm Jahr 1981 spielte Gro\u00dfmeis\u00adter Salo Flohr im <span class=\"caps\">BRG<\/span> Bern\u00addorf simul\u00adtan, am 11.9.1982 im Rah\u00admen der 20-Jahres-Feier der Gro\u00dfmeis\u00adter Alex\u00adej Suetin in Pot\u00adten\u00adstein simul\u00adtan. Mit von der Par\u00adtie als weit\u00ader\u00ader Simul\u00adtan\u00adspiel\u00ader war auch Mar\u00adtin Stichlberg\u00ader vom Bun\u00addes\u00adgym\u00adna\u00adsi\u00adum Wien 16. Eine weit\u00adere&nbsp;Simul\u00adtan\u00adver\u00adanstal\u00adtung mit Gro\u00dfmeis\u00adter Karl Robatsch fand am 5.5.1983 im <span class=\"caps\">BRG<\/span> Bern\u00addorf&nbsp;statt.<br>\n<\/em><em>1983 gelang dem Vere\u00adin wieder der Auf\u00adstieg in die Lan\u00addesli\u00adga und im Fol\u00adge\u00adjahr sog\u00adar der Auf\u00adstieg in die Region\u00adal\u00adli\u00adga&nbsp;Ost.<br>\n1984 fand ein Gen\u00ader\u00ada\u00adtionswech\u00adsel im Vor\u00adstand statt und Karl Schwarz wurde Obmann. 1984\/85 bis 1986\/87 erre\u00adichte der Vere\u00adin jew\u00adeils dritte Pl\u00e4tze in der Meis\u00adter\u00adschaft. 1987\/88 und 1989\/99 den Auf\u00adstieg in die n\u00e4ch\u00adsth\u00f6here Spielklasse.<br>\n1989 \u00fcber\u00adnahm Willibald Anderl die Vere\u00adinsleitung.&nbsp;Von 1991 bis 2004 spielte der&nbsp;Schachk\u00adlub Pot\u00adten\u00adstein gemein\u00adsam mit dem Arbeit\u00ader-Schachk\u00adlub Kot\u00adting\u00adbrunn in ein\u00ader Spielgemeinschaft.<br>\nAm 16.4.2004 wurde der Schachk\u00adlub Pot\u00adten\u00adstein als Schachsek\u00adtion in die <span class=\"caps\">ASK\u00d6<\/span> Pot\u00adten\u00adstein-Fahrafeld eingegliedert. Die fre\u00adund\u00adschaftliche, fast schon famil\u00adi\u00e4re Bindung der Spielerin\u00adnen und Spiel\u00ader bei\u00adder Vere\u00adin blieb aber bis zum heuti\u00adgen Tage bestehen.<\/em><\/p>\n<p>1998 schlossen sich Kot\u00adting\u00adbrunn, Pot\u00adten\u00adstein und Bad V\u00f6s\u00adlau zur Spiel\u00adge\u00admein\u00adschaft Tri\u00adest\u00ading\u00adtal zusam\u00admen, die bis 2004 bestand. Bis 2016 bilde\u00adten Kot\u00adting\u00adbrunn und Bad V\u00f6s\u00adlau&nbsp;eine Spiel\u00adge\u00admein\u00adschaft, die beson\u00adders&nbsp;in der Sai\u00adson 2015\/16 durch die Meis\u00adter\u00adti\u00adtel in der 1. Klasse&nbsp;und in&nbsp;der Indus\u00adtrieviertel\u00adli\u00adga sowie dem Vize\u00admeis\u00adter\u00adti\u00adtel in der Lan\u00addesli\u00adga f\u00fcr Aufmerk\u00adsamkeit sorgte. Dadurch stieg die Spiel\u00adge\u00admein\u00adschaft mit je ein\u00ader Mannschaft in die jew\u00adeils n\u00e4ch\u00adsth\u00f6heren Spielk\u00adlassen, n\u00e4m\u00adlich die Indus\u00adtrieviertel\u00adli\u00adga, die Lan\u00addesli\u00adga und die zweite Bun\u00addesli\u00adga (!)&nbsp;auf.<\/p>\n<p>Lei\u00adder hat der <span class=\"caps\">SK<\/span> Bad V\u00f6s\u00adlau die Spiel\u00adge\u00admein\u00adschaft im Som\u00admer 2016 aufgek\u00fcndigt. W\u00e4hrend der <span class=\"caps\">SK<\/span> Bad V\u00f6s\u00adlau sein Gl\u00fcck mit eige\u00adnen Spiel\u00adern sowie mit Legion\u00e4ren haupt\u00ads\u00e4ch\u00adlich in der Bun\u00addesli\u00adga sucht, wid\u00admet sich der <span class=\"caps\">ASK<\/span> Kot\u00adting\u00adbrunn der F\u00f6rderung der eigene Spiel\u00ader und des Nach\u00adwuchs in der 1. Klasse, Indus\u00adtrieviertel\u00adli\u00adga und Landesliga.<\/p>\n<p>In der Sai\u00adson 2016\/17 erre\u00adichen alle Mannschaften ihre&nbsp;Ziele:<br>\nDie Lan\u00addesli\u00adga-Mannschaft darf auch 2017\/18 wieder in der Lan\u00addesli\u00adga spielen.<br>\nDie&nbsp;Indus\u00adtrieviertel\u00adli\u00adga-Mannschaft wird hin\u00adter dem Schachk\u00adlub Baden zweit\u00ader und ist zum Auf\u00adstieg in die Lan\u00addesli\u00adga berechtigt.<br>\nIn der 1.Klasse-Mannschaft wer\u00adden erfol\u00adgre\u00adich Nach\u00adwuchsspiel\u00ader und Wiedere\u00adin\u00adsteiger einge\u00adset\u00adzt, die dort sch\u00f6ne Erfolge&nbsp;erspielt haben.<\/p>\n<p>Die Sai\u00adson 2017\/18 im \u00dcberblick:<br>\nDie Lan\u00addesli\u00adga-Mannschaft wird hin\u00adter Mis\u00adtel\u00adbach und Zwet\u00adtl Dritter!<br>\nDie&nbsp;Indus\u00adtrieviertel\u00adli\u00adga-Mannschaft wird hin\u00adter dem Schachk\u00adlub Baden Zweiter.<br>\nDie 1.Klasse-Mannschaft &nbsp;wird Zweite und zwar hin\u00adter Sollenau.<br>\nDamit haben alle drei Mannschaften Stock\u00aderlpl\u00e4tze erspielt. Vie\u00adlen Dank an Spielleit\u00ader und Spiel\u00ader und .\u2026. her\u00adzliche Gratulation!<\/p>\n<p><span style=\"color: #000000;\">In der Sai\u00adson 2018\/19 haben wir sog\u00adar 4 Mannschaften am Start. Und zwar jew\u00adeils eine Mannschaft in der Lan\u00addesli\u00adga, der Indus\u00adtrieviertel\u00adli\u00adga, der 1. und der 2. Klasse. In der Lan\u00addesli\u00adga wird Rang 3\/4 um einen Punkt knapp ver\u00adpasst, in der Indus\u00adtrieviertel\u00adli\u00adga und 2.Klasse wur\u00adden wir Vize\u00admeis\u00adter und in der 1.Klasse belegten wir den drit\u00adten&nbsp;Rang.&nbsp;<\/span><\/p>\n<p><span style=\"color: #000000;\">Die Sai\u00adson 2019\/20 wird von der Coro\u00adna-Sit\u00adu\u00ada\u00adtion beein\u00adtr\u00e4chtigt. Lock\u00addowns ab M\u00e4rz 2020 bringt den Spiel\u00adbe\u00adtrieb kom\u00adplett zum Erliegen, und nach dem Abbruch der Sai\u00adson ergibt sich fol\u00adgen\u00adder \u201cEnd\u201cstand:<br>\n6. von 9 in der Lan\u00addesli\u00adga, 1. von 5 in der Indus\u00adtrieviertel\u00adli\u00adga, 3. von 7 in der 1.Klasse und 1. von 4 in der 2.Klasse.<\/span><\/p>\n<p><span style=\"color: #000000;\">Auch die Sai\u00adson 20\/21 ist von Coro\u00adna gepr\u00e4gt; so wer\u00adden (h\u00f6ch\u00adstens) 2 Run\u00adden gespielt, und daher gibt es von unseren Mannschaften in Lan\u00addesli\u00adga, Indus\u00adtrieviertel\u00adli\u00adga und 2.Klasse nicht viel zu bericht\u00aden. Keine R\u00e4nge, weil zu wenig Runden&nbsp;\u2026&nbsp;.<\/span><\/p>\n<p>Nach langj\u00e4hriger Obmannst\u00e4tigkeit zieht sich Hel\u00admut Stein\u00ader im Juni 2021 aus der Leitungs\u00adfunk\u00adtion zur\u00fcck und kann ab diesem Zeit\u00adpunkt seine Schach\u00adpar\u00adtien noch viel mehr genie\u00dfen als zuvor. Her\u00adzlichen Dank f\u00fcr deine langj\u00e4hrige T\u00e4tigkeit!<\/p>\n<p>Neuer Obmann wird Joachim Sala\u00adm\u00adon. Wir w\u00fcn\u00adschen ihm alles Gute und hof\u00adfen nach dem Lock\u00addowns auf einen guten Neustart.<\/p>\n<p>In der Sai\u00adson 21\/22 starten wir mit jew\u00adeils ein\u00ader Mannschaft in der Lan\u00addesli\u00adga, in der Indus\u00adtrieviertel\u00adli\u00adga und der 2.Klasse. In der Lan\u00addesli\u00adga wird unser Vere\u00adin Erster, deut\u00adlich vor den Mannschaften aus Zwet\u00adtl und Stock\u00ader\u00adau. In der Indus\u00adtrieviertel\u00adli\u00adga sind Erlach und Glog\u00adgnitz mit jew\u00adeils 10 Punk\u00adte vorne, damit erre\u00adichen wir mit 9 Punk\u00adten extrem knapp dahin\u00adter den drit\u00adten Platz. Die Mannschaft in der zweit\u00aden Klasse, die dem Her\u00adan\u00adf\u00fchren von Sch\u00fcler:innen zum Turnier\u00adschach dient, erre\u00adicht mit drei von acht Mannschaftssiegen den f\u00fcn\u00adften&nbsp;Platz.<\/p>\n<p>Durch den Erfolg in der Lan\u00addesli\u00adga starten wir 2022\/23 Mannschaften in der Bun\u00addesli\u00adga Ost (=2.Bundesliga), der <span class=\"caps\">N\u00d6<\/span> Lan\u00addesli\u00adga, der Indus\u00adtrieviertel\u00adli\u00adga sowie der 1. und 2. Klasse. P\u00fcnk\u00adtlich zum Wei\u00adh\u00adnachts\u00adfest 2022 sind wir in der Zwis\u00adchen\u00adwer\u00adtung in allen Nieder\u00f6ster\u00adre\u00adichis\u00adchen Spielk\u00adlassen auf dem her\u00advor\u00adra\u00adgen\u00adden zweit\u00aden Platz. Im Rah\u00admen der Wei\u00adh\u00adnachts\u00adfeier 2022 wird Hel\u00admut Stein\u00ader Ehrenob\u00admann des Vereins.<\/p>\n","protected":false},"excerpt":{"rendered":"<p>Der Arbeit\u00ader-Schachk\u00adlub (<span class=\"caps\">ASK<\/span>) Kot\u00adting\u00adbrunn ent\u00adstand am 17.9.1961. Der erste Obmann war Michael Just. Wir sam\u00admeln noch weit\u00adere geschichtliche Dat\u00aden \u00fcber den Kot\u00adting\u00adbrun\u00adner Schachvere\u00adin. Die hier ange\u00adf\u00fchrten Infor\u00adma\u00adtio\u00adnen stam\u00admen haupt\u00ads\u00e4ch\u00adlich von Hr. Karl Schwarz sowie Hr. Har\u00adald Paulsen. 1963&nbsp;\u00fcber\u00adnahm Anton Bad\u00ader die Vere\u00adinsleitung, die er zehn Jahre innehat\u00adte. Es fol\u00adgten Fer\u00addi\u00adnand Wei\u00df und Hr. Jako\u00adbi.&nbsp;Ab&nbsp;[\u2026]<\/p>\n","protected":false},"author":1,"featured_media":0,"parent":0,"menu_order":0,"comment_status":"closed","ping_status":"closed","template":"","meta":{"wp_typography_post_enhancements_disabled":false,"footnotes":""},"class_list":["post-62","page","type-page","status-publish","hentry"],"amp_enabled":true,"_links":{"self":[{"href":"https:\/\/www.schach-in-kottingbrunn.at\/index.php?rest_route=\/wp\/v2\/pages\/62","targetHints":{"allow":["GET"]}}],"collection":[{"href":"https:\/\/www.schach-in-kottingbrunn.at\/index.php?rest_route=\/wp\/v2\/pages"}],"about":[{"href":"https:\/\/www.schach-in-kottingbrunn.at\/index.php?rest_route=\/wp\/v2\/types\/page"}],"author":[{"embeddable":true,"href":"https:\/\/www.schach-in-kottingbrunn.at\/index.php?rest_route=\/wp\/v2\/users\/1"}],"replies":[{"embeddable":true,"href":"https:\/\/www.schach-in-kottingbrunn.at\/index.php?rest_route=%2Fwp%2Fv2%2Fcomments&post=62"}],"version-history":[{"count":12,"href":"https:\/\/www.schach-in-kottingbrunn.at\/index.php?rest_route=\/wp\/v2\/pages\/62\/revisions"}],"predecessor-version":[{"id":1717,"href":"https:\/\/www.schach-in-kottingbrunn.at\/index.php?rest_route=\/wp\/v2\/pages\/62\/revisions\/1717"}],"wp:attachment":[{"href":"https:\/\/www.schach-in-kottingbrunn.at\/index.php?rest_route=%2Fwp%2Fv2%2Fmedia&parent=62"}],"curies":[{"name":"wp","href":"https:\/\/api.w.org\/{rel}","templated":true}]}}